{"id":76,"date":"2020-06-17T12:34:02","date_gmt":"2020-06-17T12:34:02","guid":{"rendered":"https:\/\/demosites.io\/doctor-gb\/?page_id=76"},"modified":"2025-05-05T06:44:53","modified_gmt":"2025-05-05T06:44:53","slug":"260c8-home","status":"publish","type":"page","link":"https:\/\/psychiatrische-praxis-oestringen.de\/","title":{"rendered":"Home"},"content":{"rendered":"\n<div class=\"wp-block-themeisle-blocks-advanced-columns alignfull has-1-columns has-desktop-equal-layout has-tablet-equal-layout has-mobile-collapsedRows-layout has-default-gap has-vertical-unset\" id=\"wp-block-themeisle-blocks-advanced-columns-c0e9e719\"><div class=\"wp-block-themeisle-blocks-advanced-columns-overlay\"><\/div><div class=\"innerblocks-wrap\">\n<div class=\"wp-block-themeisle-blocks-advanced-column\" id=\"wp-block-themeisle-blocks-advanced-column-11971373\">\n<h3 class=\"ticss-8beb8cdd has-text-color\" style=\"color:#ffffff;font-size:24px\">Mein Behandlungskonzept beruht auf folgenden Aspekten.<\/h3>\n\n\n\n<p class=\"has-text-color\" style=\"color:#ffffff;font-size:21px\"><strong>* <\/strong>Wertsch\u00e4tzung<br>* Empathie<br>* Akzeptanz<br>* Authentizit\u00e4t<\/p>\n\n\n\n<p class=\"has-nv-site-bg-color has-text-color\">Auf partizipative Entscheidungsfindung (d.h. mit Patienten gemeinsam getroffene Entscheidungen) lege ich viel Wert.<\/p>\n\n\n\n<figure class=\"wp-block-image size-large is-resized\"><img loading=\"lazy\" src=\"https:\/\/psychiatrische-praxis-oestringen.de\/wp-content\/uploads\/2022\/01\/cropped-sygross-1024x800.png\" alt=\"\" class=\"wp-image-328\" width=\"150\" height=\"120\"\/><\/figure>\n\n\n\n<div id=\"wp-block-themeisle-blocks-button-group-25fdce6d\" class=\"wp-block-themeisle-blocks-button-group wp-block-buttons\">\n<div id=\"wp-block-themeisle-blocks-button-8ded9420\" class=\"wp-block-themeisle-blocks-button wp-block-button\"><a href=\"https:\/\/psychiatrische-praxis-oestringen.de\/?page_id=360\" target=\"_self\" rel=\"noopener noreferrer\" class=\"wp-block-button__link\"><span>Diagnostik &amp; Therapie<\/span><\/a><\/div>\n<\/div>\n<\/div>\n<\/div><\/div>\n\n\n\n<div class=\"wp-block-themeisle-blocks-advanced-columns alignfull has-2-columns has-desktop-equal-layout has-tablet-equal-layout has-mobile-collapsedRows-layout has-nogap-gap has-vertical-unset\" id=\"wp-block-themeisle-blocks-advanced-columns-411e75db\"><div class=\"wp-block-themeisle-blocks-advanced-columns-overlay\"><\/div><div class=\"innerblocks-wrap\">\n<div class=\"wp-block-themeisle-blocks-advanced-column\" id=\"wp-block-themeisle-blocks-advanced-column-38d61ed0\">\n<h2 class=\"has-text-align-left\">Diagnostik &amp; Therapie<\/h2>\n\n\n\n<p class=\"has-text-align-left\">Von mir werden zahlreiche psychiatrische Krankheitsbilder behandelt, insbesondere:<\/p>\n\n\n\n<div class=\"wp-block-themeisle-blocks-icon-list\" id=\"wp-block-themeisle-blocks-icon-list-354e264b\">\n<div class=\"wp-block-themeisle-blocks-icon-list-item\" id=\"wp-block-themeisle-blocks-icon-list-item-699746f6\"><i class=\"fas fa-check-circle wp-block-themeisle-blocks-icon-list-item-icon-custom\"><\/i><p class=\"wp-block-themeisle-blocks-icon-list-item-content-custom\"><strong>Affektive St\u00f6rungen <\/strong>(z.B. Depressionen, Angst- und Panikst\u00f6rungen)<\/p><\/div>\n\n\n\n<div class=\"wp-block-themeisle-blocks-icon-list-item\" id=\"wp-block-themeisle-blocks-icon-list-item-8daa9f19\"><i class=\"fas fa-check-circle wp-block-themeisle-blocks-icon-list-item-icon-custom\"><\/i><p class=\"wp-block-themeisle-blocks-icon-list-item-content-custom\"><strong>Schizophrenien, Schizophrenieformen und wahnhafte St\u00f6rungen<\/strong><\/p><\/div>\n\n\n\n<div class=\"wp-block-themeisle-blocks-icon-list-item\" id=\"wp-block-themeisle-blocks-icon-list-item-55c292b2\"><i class=\"fas fa-check-circle wp-block-themeisle-blocks-icon-list-item-icon-custom\"><\/i><p class=\"wp-block-themeisle-blocks-icon-list-item-content-custom\"><strong>Neurotische, Somatoforme und Belastungsst\u00f6rungen<\/strong><\/p><\/div>\n\n\n\n<div class=\"wp-block-themeisle-blocks-icon-list-item\" id=\"wp-block-themeisle-blocks-icon-list-item-b21896fb\"><i class=\"fas fa-check-circle wp-block-themeisle-blocks-icon-list-item-icon-custom\"><\/i><p class=\"wp-block-themeisle-blocks-icon-list-item-content-custom\"><strong>Organische psychische St\u00f6rungen<\/strong><\/p><\/div>\n\n\n\n<div class=\"wp-block-themeisle-blocks-icon-list-item\" id=\"wp-block-themeisle-blocks-icon-list-item-d01a48c1\"><i class=\"fas fa-check-circle wp-block-themeisle-blocks-icon-list-item-icon-custom\"><\/i><p class=\"wp-block-themeisle-blocks-icon-list-item-content-custom\"><strong>Psychische St\u00f6rungen bei k\u00f6rperlichen Symptomen <\/strong>(z.B. chronische Schmerzen)<\/p><\/div>\n\n\n\n<div class=\"wp-block-themeisle-blocks-icon-list-item\" id=\"wp-block-themeisle-blocks-icon-list-item-2c6f5cd7\"><i class=\"fas fa-check-circle wp-block-themeisle-blocks-icon-list-item-icon-custom\"><\/i><p class=\"wp-block-themeisle-blocks-icon-list-item-content-custom\"><strong>Pers\u00f6nlichkeits- und Verhaltensst\u00f6rungen<\/strong><\/p><\/div>\n\n\n\n<div class=\"wp-block-themeisle-blocks-icon-list-item\" id=\"wp-block-themeisle-blocks-icon-list-item-9a768c44\"><i class=\"fas fa-angle-right wp-block-themeisle-blocks-icon-list-item-icon\"><\/i><p class=\"wp-block-themeisle-blocks-icon-list-item-content\"><strong>Keine ADHS- Behandlungen oder Testungen<\/strong><\/p><\/div>\n\n\n\n<div class=\"wp-block-themeisle-blocks-icon-list-item\" id=\"wp-block-themeisle-blocks-icon-list-item-a9569201\"><i class=\"fas fa-angle-right wp-block-themeisle-blocks-icon-list-item-icon\"><\/i><p class=\"wp-block-themeisle-blocks-icon-list-item-content\"><strong>Keine Autismus Testungen<\/strong><\/p><\/div>\n\n\n\n<div class=\"wp-block-themeisle-blocks-icon-list-item\" id=\"wp-block-themeisle-blocks-icon-list-item-e0779f6a\"><i class=\"fas fa-angle-right wp-block-themeisle-blocks-icon-list-item-icon\"><\/i><p class=\"wp-block-themeisle-blocks-icon-list-item-content\"><strong>BTM- freie Praxis!! Keine BTM Rezepte<\/strong><\/p><\/div>\n<\/div>\n<\/div>\n\n\n\n<div class=\"wp-block-themeisle-blocks-advanced-column\" id=\"wp-block-themeisle-blocks-advanced-column-6c3910be\">\n<figure class=\"wp-block-image size-large is-resized\"><img loading=\"lazy\" src=\"https:\/\/psychiatrische-praxis-oestringen.de\/wp-content\/uploads\/2022\/01\/cropped-sygross-1024x800.png\" alt=\"\" class=\"wp-image-328\" width=\"493\" height=\"385\" srcset=\"https:\/\/psychiatrische-praxis-oestringen.de\/wp-content\/uploads\/2022\/01\/cropped-sygross-1024x800.png 1024w, https:\/\/psychiatrische-praxis-oestringen.de\/wp-content\/uploads\/2022\/01\/cropped-sygross-300x234.png 300w, https:\/\/psychiatrische-praxis-oestringen.de\/wp-content\/uploads\/2022\/01\/cropped-sygross-768x600.png 768w, https:\/\/psychiatrische-praxis-oestringen.de\/wp-content\/uploads\/2022\/01\/cropped-sygross.png 1119w\" sizes=\"(max-width: 493px) 100vw, 493px\" \/><\/figure>\n<\/div>\n<\/div><\/div>\n\n\n\n<div class=\"wp-block-themeisle-blocks-advanced-columns alignfull has-1-columns has-desktop-equal-layout has-tablet-equal-layout has-mobile-equal-layout has-default-gap has-vertical-unset\" id=\"wp-block-themeisle-blocks-advanced-columns-84081106\"><div class=\"wp-block-themeisle-blocks-advanced-columns-overlay\"><\/div><div class=\"innerblocks-wrap\">\n<div class=\"wp-block-themeisle-blocks-advanced-column\" id=\"wp-block-themeisle-blocks-advanced-column-6219e808\"><\/div>\n<\/div><\/div>\n\n\n\n<div class=\"wp-block-themeisle-blocks-advanced-columns alignfull has-1-columns has-desktop-equal-layout has-tablet-equal-layout has-mobile-equal-layout has-nogap-gap has-vertical-center\" id=\"wp-block-themeisle-blocks-advanced-columns-9f45434d\"><div class=\"wp-block-themeisle-blocks-advanced-columns-overlay\"><\/div><div class=\"innerblocks-wrap\">\n<div class=\"wp-block-themeisle-blocks-advanced-column\" id=\"wp-block-themeisle-blocks-advanced-column-0dd9f79e\">\n<div class=\"wp-block-themeisle-blocks-advanced-columns has-1-columns has-desktop-equal-layout has-tablet-equal-layout has-mobile-equal-layout has-default-gap has-vertical-unset\" id=\"wp-block-themeisle-blocks-advanced-columns-c6f7b57d\"><div class=\"wp-block-themeisle-blocks-advanced-columns-overlay\"><\/div><div class=\"innerblocks-wrap\">\n<div class=\"wp-block-themeisle-blocks-advanced-column\" id=\"wp-block-themeisle-blocks-advanced-column-28ed1ca3\">\n<p class=\"wp-block-themeisle-blocks-font-awesome-icons\" id=\"wp-block-themeisle-blocks-font-awesome-icons-a30660ed\"><span class=\"wp-block-themeisle-blocks-font-awesome-icons-container\"><i class=\"fas fa-phone-alt\"><\/i><\/span><\/p>\n\n\n\n<h3 class=\"has-text-align-left\">Im Notfall<\/h3>\n\n\n\n<h4 class=\"ticss-3f90ef97\">Notrufnummer Rettungsdienst &#8211; 112 w\u00e4hlen<br>und\/oder bei einer der unteren Einrichtungen melden.<\/h4>\n\n\n\n<p><strong>Psychiatrisches Zentrum Nordbaden \u2013 PZN<br><\/strong>Heidelberger Str. 1a<br>68168 Wiesloch<br>24h f\u00fcr Sie da<br>Tel.:&nbsp;<strong>06222-55-0<\/strong><\/p>\n\n\n\n<p><strong>Klinik f\u00fcr Psychiatrie und psychotherapeutische Medizin<\/strong><br>Kaiserallee 10<br>76133 Karlsruhe<br>24h f\u00fcr Sie da<br>Tel.:\u00a0<strong>0721-974-3710<\/strong><\/p>\n<\/div>\n<\/div><\/div>\n\n\n\n<div class=\"wp-block-themeisle-blocks-advanced-columns has-1-columns has-desktop-equal-layout has-tablet-equal-layout has-mobile-equal-layout has-default-gap has-vertical-unset\" id=\"wp-block-themeisle-blocks-advanced-columns-98617b3e\"><div class=\"wp-block-themeisle-blocks-advanced-columns-overlay\"><\/div><div class=\"innerblocks-wrap\">\n<div class=\"wp-block-themeisle-blocks-advanced-column\" id=\"wp-block-themeisle-blocks-advanced-column-f7093c5e\">\n<p class=\"wp-block-themeisle-blocks-font-awesome-icons\" id=\"wp-block-themeisle-blocks-font-awesome-icons-ecf6287d\"><span class=\"wp-block-themeisle-blocks-font-awesome-icons-container\"><i class=\"fas fa-phone-alt\"><\/i><\/span><\/p>\n\n\n\n<h3 class=\"has-text-align-left\">Kontakt<\/h3>\n\n\n\n<h2>Psychiatrische Praxis \u00d6stringen<\/h2>\n\n\n\n<p>Yanina Sy<br>Fach\u00e4rztin f\u00fcr Psychiatrie und Psychotherapie<\/p>\n\n\n\n<p><strong>Adresse:<br><\/strong>Georgstra\u00dfe 16, 76684 \u00d6stringen<\/p>\n\n\n\n<div class=\"wp-block-themeisle-blocks-icon-list is-style-vertical\" id=\"wp-block-themeisle-blocks-icon-list-29f45100\">\n<div class=\"wp-block-themeisle-blocks-icon-list-item\" id=\"wp-block-themeisle-blocks-icon-list-item-0748805e\"><i class=\"fas fa-phone-alt wp-block-themeisle-blocks-icon-list-item-icon\"><\/i><p class=\"wp-block-themeisle-blocks-icon-list-item-content\">07253 \u2013 84 545 12<\/p><\/div>\n\n\n\n<div class=\"wp-block-themeisle-blocks-icon-list-item\" id=\"wp-block-themeisle-blocks-icon-list-item-205ee159\"><i class=\"fas fa-fax wp-block-themeisle-blocks-icon-list-item-icon\"><\/i><p class=\"wp-block-themeisle-blocks-icon-list-item-content\">07253 \u2013 84 545 13<\/p><\/div>\n\n\n\n<div class=\"wp-block-themeisle-blocks-icon-list-item\" id=\"wp-block-themeisle-blocks-icon-list-item-59120cf4\"><i class=\"fas fa-envelope wp-block-themeisle-blocks-icon-list-item-icon\"><\/i><p class=\"wp-block-themeisle-blocks-icon-list-item-content\"> mail@psychiatrische-praxis-oestringen.de <\/p><\/div>\n<\/div>\n<\/div>\n<\/div><\/div>\n\n\n\n<div class=\"wp-block-themeisle-blocks-advanced-columns has-1-columns has-desktop-equal-layout has-tablet-equal-layout has-mobile-equal-layout has-default-gap has-vertical-unset\" id=\"wp-block-themeisle-blocks-advanced-columns-e247e03e\"><div class=\"wp-block-themeisle-blocks-advanced-columns-overlay\"><\/div><div class=\"innerblocks-wrap\">\n<div class=\"wp-block-themeisle-blocks-advanced-column\" id=\"wp-block-themeisle-blocks-advanced-column-50a26de0\">\n<p class=\"wp-block-themeisle-blocks-font-awesome-icons\" id=\"wp-block-themeisle-blocks-font-awesome-icons-eebca2fd\"><span class=\"wp-block-themeisle-blocks-font-awesome-icons-container\"><i class=\"fas fa-thumbs-up\"><\/i><\/span><\/p>\n\n\n\n<h3 class=\"has-text-align-left\">Sprechzeiten<\/h3>\n\n\n\n<div class=\"wp-block-columns\">\n<div class=\"wp-block-column\" style=\"flex-basis:33.33%\">\n<p>Mo &#8211; Fr :<br>Mo, Di, Do :<\/p>\n<\/div>\n\n\n\n<div class=\"wp-block-column\" style=\"flex-basis:66.66%\">\n<p>08:00 &#8211; 13:00 Uhr<br>14:00 &#8211; 17:00 Uhr<\/p>\n<\/div>\n<\/div>\n\n\n\n<h3>Offene Sprechstunde<\/h3>\n\n\n\n<div class=\"wp-block-columns\">\n<div class=\"wp-block-column\" style=\"flex-basis:33.33%\">\n<p>Mo &#8211; Fr :<\/p>\n<\/div>\n\n\n\n<div class=\"wp-block-column\" style=\"flex-basis:66.66%\">\n<p>07:00 &#8211; 8:00 Uhr<\/p>\n<\/div>\n<\/div>\n\n\n\n<p>Bereits bekannte Patienten\/innen k\u00f6nnen die offene Sprechstunde ohne Terminvereinbarung f\u00fcr eine Anpassung der Medikation oder \u00e4rztliche R\u00fccksprachen nutzen.<\/p>\n\n\n\n<p><\/p>\n<\/div>\n<\/div><\/div>\n\n\n\n<div class=\"wp-block-themeisle-blocks-advanced-columns has-1-columns has-desktop-equal-layout has-tablet-equal-layout has-mobile-equal-layout has-default-gap has-vertical-unset\" id=\"wp-block-themeisle-blocks-advanced-columns-12f6cd81\"><div class=\"wp-block-themeisle-blocks-advanced-columns-overlay\"><\/div><div class=\"innerblocks-wrap\">\n<div class=\"wp-block-themeisle-blocks-advanced-column\" id=\"wp-block-themeisle-blocks-advanced-column-8e122794\">\n<p class=\"wp-block-themeisle-blocks-font-awesome-icons\" id=\"wp-block-themeisle-blocks-font-awesome-icons-cdb718a9\"><span class=\"wp-block-themeisle-blocks-font-awesome-icons-container\"><i class=\"fas fa-shield-alt\"><\/i><\/span><\/p>\n\n\n\n<h3 class=\"has-text-align-left\">Psychotherapeutische Sprechstunde<\/h3>\n\n\n\n<p>Wir bieten keine psychotherapeutischen Behandlungen an<\/p>\n<\/div>\n<\/div><\/div>\n<\/div>\n<\/div><\/div>\n","protected":false},"excerpt":{"rendered":"","protected":false},"author":1,"featured_media":0,"parent":0,"menu_order":0,"comment_status":"closed","ping_status":"closed","template":"","meta":{"neve_meta_sidebar":"full-width","neve_meta_container":"","neve_meta_enable_content_width":"on","neve_meta_content_width":100,"neve_meta_title_alignment":"","neve_meta_author_avatar":"","neve_post_elements_order":"","neve_meta_disable_header":"","neve_meta_disable_footer":"","neve_meta_disable_title":"on","_themeisle_gutenberg_block_has_review":false,"_ti_tpc_template_sync":false,"_ti_tpc_template_id":"24qiaf7jl1a5oprm56jc"},"_links":{"self":[{"href":"https:\/\/psychiatrische-praxis-oestringen.de\/index.php?rest_route=\/wp\/v2\/pages\/76"}],"collection":[{"href":"https:\/\/psychiatrische-praxis-oestringen.de\/index.php?rest_route=\/wp\/v2\/pages"}],"about":[{"href":"https:\/\/psychiatrische-praxis-oestringen.de\/index.php?rest_route=\/wp\/v2\/types\/page"}],"author":[{"embeddable":true,"href":"https:\/\/psychiatrische-praxis-oestringen.de\/index.php?rest_route=\/wp\/v2\/users\/1"}],"replies":[{"embeddable":true,"href":"https:\/\/psychiatrische-praxis-oestringen.de\/index.php?rest_route=%2Fwp%2Fv2%2Fcomments&post=76"}],"version-history":[{"count":36,"href":"https:\/\/psychiatrische-praxis-oestringen.de\/index.php?rest_route=\/wp\/v2\/pages\/76\/revisions"}],"predecessor-version":[{"id":566,"href":"https:\/\/psychiatrische-praxis-oestringen.de\/index.php?rest_route=\/wp\/v2\/pages\/76\/revisions\/566"}],"wp:attachment":[{"href":"https:\/\/psychiatrische-praxis-oestringen.de\/index.php?rest_route=%2Fwp%2Fv2%2Fmedia&parent=76"}],"curies":[{"name":"wp","href":"https:\/\/api.w.org\/{rel}","templated":true}]}}